{"id":39,"date":"2026-03-11T09:18:34","date_gmt":"2026-03-11T08:18:34","guid":{"rendered":"https:\/\/uncommon-electrics.eu\/index.php\/uncommon-electrics-francais\/"},"modified":"2026-03-31T15:11:12","modified_gmt":"2026-03-31T14:11:12","slug":"uncommon-electrics-francais","status":"publish","type":"page","link":"https:\/\/uncommon-electrics.eu\/index.php\/fr\/uncommon-electrics-francais\/","title":{"rendered":"uncommon electrics"},"content":{"rendered":"\n<p>Vous cherchez un \u00e9lectricien pour les travaux \u00e9lectriques r\u00e9sidentiels \u00e0 Bruxelles ? Vous \u00eates au bon endroit.<\/p>\n\n\n\n<p><\/p>\n\n\n\n<p>Dave, l\u2019\u00e9lectricien peu commun peut vous aider avec la plupart des t\u00e2ches \u00e9lectriques r\u00e9sidentielles\u00a0:<\/p>\n\n\n\n<ul class=\"wp-block-list\">\n<li>installer de nouveaux circuits et \u00e9tendre les circuits existants pour les prises et l\u2019\u00e9clairage<\/li>\n<\/ul>\n\n\n\n<ul class=\"wp-block-list\">\n<li>r\u00e9parer les d\u00e9fauts<\/li>\n<\/ul>\n\n\n\n<ul class=\"wp-block-list\">\n<li>l\u2019installation d\u2019un nouvel \u00e9clairage ou de la domotique<\/li>\n<\/ul>\n\n\n\n<ul class=\"wp-block-list\">\n<li>examiner votre c\u00e2blage et effectuer nos travaux correctifs pour la certification, y compris produire les sch\u00e9mas \u00e9lectriques et organiser la certification<\/li>\n<\/ul>\n\n\n\n<ul class=\"wp-block-list\">\n<li>installer des bornes de recharge pour voiture, etc.<\/li>\n<\/ul>\n\n\n\n<p>Apeller-moi ou WhatsApp on <strong>0451 01 22 09<\/strong><\/p>\n\n\n\n<p>email: <a href=\"mailto:dave@uncommon-electrics.eu\">dave@uncommon-electrics.eu<\/a><\/p>\n\n\n\n<p>UnCommon Electrics is Dave.<\/p>\n\n\n\n<p>Dave a \u00e9tudi\u00e9 la physique, l\u2019\u00e9lectronique et la th\u00e9orie des circuits \u00e9lectriques \u00e0 l\u2019universit\u00e9 il y a longtemps. Au fil des ans, il avait rebranch\u00e9 quelques maisons et \u00e9tait g\u00e9n\u00e9ralement un \u00e9lectricien bricoleur. Avec un grand projet sur ses mains, il pensait qu\u2019il serait pr\u00e9f\u00e9rable de se qualifier et peut-\u00eatre d\u2019offrir ses services \u00e0 d\u2019autres. Il a donc pass\u00e9 l\u2019examen du jury central et peut maintenant offrir ses services qualifi\u00e9s.<\/p>\n\n\n\n<p><\/p>\n","protected":false},"excerpt":{"rendered":"<p>Vous cherchez un \u00e9lectricien pour les travaux \u00e9lectriques r\u00e9sidentiels \u00e0 Bruxelles ? Vous \u00eates au bon endroit. Dave, l\u2019\u00e9lectricien peu commun peut vous aider avec la plupart des t\u00e2ches \u00e9lectriques r\u00e9sidentielles\u00a0: Apeller-moi ou WhatsApp on 0451 01 22 09 email: dave@uncommon-electrics.eu UnCommon Electrics is Dave. Dave a \u00e9tudi\u00e9 la physique, l\u2019\u00e9lectronique et la th\u00e9orie des [&hellip;]<\/p>\n","protected":false},"author":1,"featured_media":0,"parent":0,"menu_order":0,"comment_status":"closed","ping_status":"closed","template":"","meta":{"footnotes":"[]"},"class_list":["post-39","page","type-page","status-publish","hentry"],"yoast_head":"<!-- This site is optimized with the Yoast SEO plugin v27.2 - https:\/\/yoast.com\/product\/yoast-seo-wordpress\/ -->\n<title>uncommon electrics - Uncommon electrics<\/title>\n<meta name=\"robots\" content=\"index, follow, max-snippet:-1, max-image-preview:large, max-video-preview:-1\" \/>\n<link rel=\"canonical\" href=\"https:\/\/uncommon-electrics.eu\/index.php\/fr\/uncommon-electrics-francais\/\" \/>\n<meta property=\"og:locale\" content=\"en_GB\" \/>\n<meta property=\"og:type\" content=\"article\" \/>\n<meta property=\"og:title\" content=\"uncommon electrics - Uncommon electrics\" \/>\n<meta property=\"og:description\" content=\"Vous cherchez un \u00e9lectricien pour les travaux \u00e9lectriques r\u00e9sidentiels \u00e0 Bruxelles ? Vous \u00eates au bon endroit. Dave, l\u2019\u00e9lectricien peu commun peut vous aider avec la plupart des t\u00e2ches \u00e9lectriques r\u00e9sidentielles\u00a0: Apeller-moi ou WhatsApp on 0451 01 22 09 email: dave@uncommon-electrics.eu UnCommon Electrics is Dave. Dave a \u00e9tudi\u00e9 la physique, l\u2019\u00e9lectronique et la th\u00e9orie des [&hellip;]\" \/>\n<meta property=\"og:url\" content=\"https:\/\/uncommon-electrics.eu\/index.php\/fr\/uncommon-electrics-francais\/\" \/>\n<meta property=\"og:site_name\" content=\"Uncommon electrics\" \/>\n<meta property=\"article:modified_time\" content=\"2026-03-31T14:11:12+00:00\" \/>\n<meta name=\"twitter:card\" content=\"summary_large_image\" \/>\n<meta name=\"twitter:label1\" content=\"Estimated reading time\" \/>\n\t<meta name=\"twitter:data1\" content=\"1 minute\" \/>\n<script type=\"application\/ld+json\" class=\"yoast-schema-graph\">{\"@context\":\"https:\/\/schema.org\",\"@graph\":[{\"@type\":\"WebPage\",\"@id\":\"https:\/\/uncommon-electrics.eu\/index.php\/fr\/uncommon-electrics-francais\/\",\"url\":\"https:\/\/uncommon-electrics.eu\/index.php\/fr\/uncommon-electrics-francais\/\",\"name\":\"uncommon electrics - Uncommon electrics\",\"isPartOf\":{\"@id\":\"https:\/\/uncommon-electrics.eu\/#website\"},\"datePublished\":\"2026-03-11T08:18:34+00:00\",\"dateModified\":\"2026-03-31T14:11:12+00:00\",\"breadcrumb\":{\"@id\":\"https:\/\/uncommon-electrics.eu\/index.php\/fr\/uncommon-electrics-francais\/#breadcrumb\"},\"inLanguage\":\"en-GB\",\"potentialAction\":[{\"@type\":\"ReadAction\",\"target\":[\"https:\/\/uncommon-electrics.eu\/index.php\/fr\/uncommon-electrics-francais\/\"]}]},{\"@type\":\"BreadcrumbList\",\"@id\":\"https:\/\/uncommon-electrics.eu\/index.php\/fr\/uncommon-electrics-francais\/#breadcrumb\",\"itemListElement\":[{\"@type\":\"ListItem\",\"position\":1,\"name\":\"Home\",\"item\":\"https:\/\/uncommon-electrics.eu\/\"},{\"@type\":\"ListItem\",\"position\":2,\"name\":\"uncommon electrics\"}]},{\"@type\":\"WebSite\",\"@id\":\"https:\/\/uncommon-electrics.eu\/#website\",\"url\":\"https:\/\/uncommon-electrics.eu\/\",\"name\":\"Uncommon electrics\",\"description\":\"the uncommon electrician in Brussels\",\"potentialAction\":[{\"@type\":\"SearchAction\",\"target\":{\"@type\":\"EntryPoint\",\"urlTemplate\":\"https:\/\/uncommon-electrics.eu\/?s={search_term_string}\"},\"query-input\":{\"@type\":\"PropertyValueSpecification\",\"valueRequired\":true,\"valueName\":\"search_term_string\"}}],\"inLanguage\":\"en-GB\"}]}<\/script>\n<!-- \/ Yoast SEO plugin. -->","yoast_head_json":{"title":"uncommon electrics - Uncommon electrics","robots":{"index":"index","follow":"follow","max-snippet":"max-snippet:-1","max-image-preview":"max-image-preview:large","max-video-preview":"max-video-preview:-1"},"canonical":"https:\/\/uncommon-electrics.eu\/index.php\/fr\/uncommon-electrics-francais\/","og_locale":"en_GB","og_type":"article","og_title":"uncommon electrics - Uncommon electrics","og_description":"Vous cherchez un \u00e9lectricien pour les travaux \u00e9lectriques r\u00e9sidentiels \u00e0 Bruxelles ? Vous \u00eates au bon endroit. Dave, l\u2019\u00e9lectricien peu commun peut vous aider avec la plupart des t\u00e2ches \u00e9lectriques r\u00e9sidentielles\u00a0: Apeller-moi ou WhatsApp on 0451 01 22 09 email: dave@uncommon-electrics.eu UnCommon Electrics is Dave. Dave a \u00e9tudi\u00e9 la physique, l\u2019\u00e9lectronique et la th\u00e9orie des [&hellip;]","og_url":"https:\/\/uncommon-electrics.eu\/index.php\/fr\/uncommon-electrics-francais\/","og_site_name":"Uncommon electrics","article_modified_time":"2026-03-31T14:11:12+00:00","twitter_card":"summary_large_image","twitter_misc":{"Estimated reading time":"1 minute"},"schema":{"@context":"https:\/\/schema.org","@graph":[{"@type":"WebPage","@id":"https:\/\/uncommon-electrics.eu\/index.php\/fr\/uncommon-electrics-francais\/","url":"https:\/\/uncommon-electrics.eu\/index.php\/fr\/uncommon-electrics-francais\/","name":"uncommon electrics - Uncommon electrics","isPartOf":{"@id":"https:\/\/uncommon-electrics.eu\/#website"},"datePublished":"2026-03-11T08:18:34+00:00","dateModified":"2026-03-31T14:11:12+00:00","breadcrumb":{"@id":"https:\/\/uncommon-electrics.eu\/index.php\/fr\/uncommon-electrics-francais\/#breadcrumb"},"inLanguage":"en-GB","potentialAction":[{"@type":"ReadAction","target":["https:\/\/uncommon-electrics.eu\/index.php\/fr\/uncommon-electrics-francais\/"]}]},{"@type":"BreadcrumbList","@id":"https:\/\/uncommon-electrics.eu\/index.php\/fr\/uncommon-electrics-francais\/#breadcrumb","itemListElement":[{"@type":"ListItem","position":1,"name":"Home","item":"https:\/\/uncommon-electrics.eu\/"},{"@type":"ListItem","position":2,"name":"uncommon electrics"}]},{"@type":"WebSite","@id":"https:\/\/uncommon-electrics.eu\/#website","url":"https:\/\/uncommon-electrics.eu\/","name":"Uncommon electrics","description":"the uncommon electrician in Brussels","potentialAction":[{"@type":"SearchAction","target":{"@type":"EntryPoint","urlTemplate":"https:\/\/uncommon-electrics.eu\/?s={search_term_string}"},"query-input":{"@type":"PropertyValueSpecification","valueRequired":true,"valueName":"search_term_string"}}],"inLanguage":"en-GB"}]}},"_links":{"self":[{"href":"https:\/\/uncommon-electrics.eu\/index.php\/wp-json\/wp\/v2\/pages\/39","targetHints":{"allow":["GET"]}}],"collection":[{"href":"https:\/\/uncommon-electrics.eu\/index.php\/wp-json\/wp\/v2\/pages"}],"about":[{"href":"https:\/\/uncommon-electrics.eu\/index.php\/wp-json\/wp\/v2\/types\/page"}],"author":[{"embeddable":true,"href":"https:\/\/uncommon-electrics.eu\/index.php\/wp-json\/wp\/v2\/users\/1"}],"replies":[{"embeddable":true,"href":"https:\/\/uncommon-electrics.eu\/index.php\/wp-json\/wp\/v2\/comments?post=39"}],"version-history":[{"count":5,"href":"https:\/\/uncommon-electrics.eu\/index.php\/wp-json\/wp\/v2\/pages\/39\/revisions"}],"predecessor-version":[{"id":123,"href":"https:\/\/uncommon-electrics.eu\/index.php\/wp-json\/wp\/v2\/pages\/39\/revisions\/123"}],"wp:attachment":[{"href":"https:\/\/uncommon-electrics.eu\/index.php\/wp-json\/wp\/v2\/media?parent=39"}],"curies":[{"name":"wp","href":"https:\/\/api.w.org\/{rel}","templated":true}]}}