{"id":41,"date":"2026-03-11T09:18:34","date_gmt":"2026-03-11T08:18:34","guid":{"rendered":"https:\/\/uncommon-electrics.eu\/index.php\/uncommon-electrics-deutsch\/"},"modified":"2026-03-31T15:19:05","modified_gmt":"2026-03-31T14:19:05","slug":"uncommon-electrics-deutsch","status":"publish","type":"page","link":"https:\/\/uncommon-electrics.eu\/index.php\/de\/uncommon-electrics-deutsch\/","title":{"rendered":"uncommon electrics"},"content":{"rendered":"\n<p>Suchen Sie einen Elektriker f\u00fcr Elektroarbeiten im Wohnbereich in Br\u00fcssel? Hier sind Sie richtig.<\/p>\n\n\n\n<p>Dave, der ungew\u00f6hnliche Elektriker, kann Ihnen bei den meisten elektrischen Aufgaben in Wohngeb\u00e4uden helfen:<\/p>\n\n\n\n<p>Installation neuer und Erweiterung bestehender Stromkreise f\u00fcr Steckdosen und Beleuchtung<\/p>\n\n\n\n<p>Reparaturfehler<\/p>\n\n\n\n<p>Installation neuer Beleuchtung oder Hausautomation<\/p>\n\n\n\n<p>\u00dcberpr\u00fcfung Ihrer Verkabelung und Durchf\u00fchrung unserer Sanierungsarbeiten f\u00fcr die Zertifizierung, einschlie\u00dflich der Erstellung der elektrischen Diagramme und der Organisation der Zertifizierung<\/p>\n\n\n\n<p>Installation von Autoladepunkten usw.<\/p>\n\n\n\n<p>Rufen Sie mich einfach an\/WhatsApp unter 0451 01<strong>22 09<\/strong><\/p>\n\n\n\n<p>email: <a href=\"mailto:dave@uncommon-electrics.eu\">dave@uncommon-electrics.eu<\/a><\/p>\n\n\n\n<blockquote class=\"wp-block-quote is-layout-flow wp-block-quote-is-layout-flow\">\n<p><strong>Silent current flows,<\/strong><br><strong>One spark wakes the quiet world,<\/strong><br><strong>Bright life in a touch.<\/strong><\/p>\n<\/blockquote>\n\n\n\n<hr class=\"wp-block-separator has-alpha-channel-opacity\"\/>\n\n\n\n<p>Dave ist der ungew\u00f6hnliche Elektriker.<\/p>\n\n\n\n<p>Dave hat vor langer Zeit Physik, Elektronik und elektrische Schaltungstheorie an der Universit\u00e4t studiert. Im Laufe der Jahre hatte er einige H\u00e4user neu verkabelt und im Allgemeinen seine eigenen Elektroarbeiten durchgef\u00fchrt. Da er ein gro\u00dfes Projekt vor sich hatte, dachte er, es w\u00e4re besser, sich zu qualifizieren und seine Dienste vielleicht anderen anzubieten. Also nahm er die Pr\u00fcfung der Jury zentral und bietet nun an<\/p>\n","protected":false},"excerpt":{"rendered":"<p>Suchen Sie einen Elektriker f\u00fcr Elektroarbeiten im Wohnbereich in Br\u00fcssel? Hier sind Sie richtig. Dave, der ungew\u00f6hnliche Elektriker, kann Ihnen bei den meisten elektrischen Aufgaben in Wohngeb\u00e4uden helfen: Installation neuer und Erweiterung bestehender Stromkreise f\u00fcr Steckdosen und Beleuchtung Reparaturfehler Installation neuer Beleuchtung oder Hausautomation \u00dcberpr\u00fcfung Ihrer Verkabelung und Durchf\u00fchrung unserer Sanierungsarbeiten f\u00fcr die Zertifizierung, einschlie\u00dflich [&hellip;]<\/p>\n","protected":false},"author":1,"featured_media":0,"parent":0,"menu_order":0,"comment_status":"closed","ping_status":"closed","template":"","meta":{"footnotes":"[]"},"class_list":["post-41","page","type-page","status-publish","hentry"],"yoast_head":"<!-- This site is optimized with the Yoast SEO plugin v27.2 - https:\/\/yoast.com\/product\/yoast-seo-wordpress\/ -->\n<title>uncommon electrics - Uncommon electrics<\/title>\n<meta name=\"robots\" content=\"index, follow, max-snippet:-1, max-image-preview:large, max-video-preview:-1\" \/>\n<link rel=\"canonical\" href=\"https:\/\/uncommon-electrics.eu\/index.php\/de\/uncommon-electrics-deutsch\/\" \/>\n<meta property=\"og:locale\" content=\"en_GB\" \/>\n<meta property=\"og:type\" content=\"article\" \/>\n<meta property=\"og:title\" content=\"uncommon electrics - Uncommon electrics\" \/>\n<meta property=\"og:description\" content=\"Suchen Sie einen Elektriker f\u00fcr Elektroarbeiten im Wohnbereich in Br\u00fcssel? Hier sind Sie richtig. Dave, der ungew\u00f6hnliche Elektriker, kann Ihnen bei den meisten elektrischen Aufgaben in Wohngeb\u00e4uden helfen: Installation neuer und Erweiterung bestehender Stromkreise f\u00fcr Steckdosen und Beleuchtung Reparaturfehler Installation neuer Beleuchtung oder Hausautomation \u00dcberpr\u00fcfung Ihrer Verkabelung und Durchf\u00fchrung unserer Sanierungsarbeiten f\u00fcr die Zertifizierung, einschlie\u00dflich [&hellip;]\" \/>\n<meta property=\"og:url\" content=\"https:\/\/uncommon-electrics.eu\/index.php\/de\/uncommon-electrics-deutsch\/\" \/>\n<meta property=\"og:site_name\" content=\"Uncommon electrics\" \/>\n<meta property=\"article:modified_time\" content=\"2026-03-31T14:19:05+00:00\" \/>\n<meta name=\"twitter:card\" content=\"summary_large_image\" \/>\n<meta name=\"twitter:label1\" content=\"Estimated reading time\" \/>\n\t<meta name=\"twitter:data1\" content=\"1 minute\" \/>\n<script type=\"application\/ld+json\" class=\"yoast-schema-graph\">{\"@context\":\"https:\/\/schema.org\",\"@graph\":[{\"@type\":\"WebPage\",\"@id\":\"https:\/\/uncommon-electrics.eu\/index.php\/de\/uncommon-electrics-deutsch\/\",\"url\":\"https:\/\/uncommon-electrics.eu\/index.php\/de\/uncommon-electrics-deutsch\/\",\"name\":\"uncommon electrics - Uncommon electrics\",\"isPartOf\":{\"@id\":\"https:\/\/uncommon-electrics.eu\/#website\"},\"datePublished\":\"2026-03-11T08:18:34+00:00\",\"dateModified\":\"2026-03-31T14:19:05+00:00\",\"breadcrumb\":{\"@id\":\"https:\/\/uncommon-electrics.eu\/index.php\/de\/uncommon-electrics-deutsch\/#breadcrumb\"},\"inLanguage\":\"en-GB\",\"potentialAction\":[{\"@type\":\"ReadAction\",\"target\":[\"https:\/\/uncommon-electrics.eu\/index.php\/de\/uncommon-electrics-deutsch\/\"]}]},{\"@type\":\"BreadcrumbList\",\"@id\":\"https:\/\/uncommon-electrics.eu\/index.php\/de\/uncommon-electrics-deutsch\/#breadcrumb\",\"itemListElement\":[{\"@type\":\"ListItem\",\"position\":1,\"name\":\"Home\",\"item\":\"https:\/\/uncommon-electrics.eu\/\"},{\"@type\":\"ListItem\",\"position\":2,\"name\":\"uncommon electrics\"}]},{\"@type\":\"WebSite\",\"@id\":\"https:\/\/uncommon-electrics.eu\/#website\",\"url\":\"https:\/\/uncommon-electrics.eu\/\",\"name\":\"Uncommon electrics\",\"description\":\"the uncommon electrician in Brussels\",\"potentialAction\":[{\"@type\":\"SearchAction\",\"target\":{\"@type\":\"EntryPoint\",\"urlTemplate\":\"https:\/\/uncommon-electrics.eu\/?s={search_term_string}\"},\"query-input\":{\"@type\":\"PropertyValueSpecification\",\"valueRequired\":true,\"valueName\":\"search_term_string\"}}],\"inLanguage\":\"en-GB\"}]}<\/script>\n<!-- \/ Yoast SEO plugin. -->","yoast_head_json":{"title":"uncommon electrics - Uncommon electrics","robots":{"index":"index","follow":"follow","max-snippet":"max-snippet:-1","max-image-preview":"max-image-preview:large","max-video-preview":"max-video-preview:-1"},"canonical":"https:\/\/uncommon-electrics.eu\/index.php\/de\/uncommon-electrics-deutsch\/","og_locale":"en_GB","og_type":"article","og_title":"uncommon electrics - Uncommon electrics","og_description":"Suchen Sie einen Elektriker f\u00fcr Elektroarbeiten im Wohnbereich in Br\u00fcssel? Hier sind Sie richtig. Dave, der ungew\u00f6hnliche Elektriker, kann Ihnen bei den meisten elektrischen Aufgaben in Wohngeb\u00e4uden helfen: Installation neuer und Erweiterung bestehender Stromkreise f\u00fcr Steckdosen und Beleuchtung Reparaturfehler Installation neuer Beleuchtung oder Hausautomation \u00dcberpr\u00fcfung Ihrer Verkabelung und Durchf\u00fchrung unserer Sanierungsarbeiten f\u00fcr die Zertifizierung, einschlie\u00dflich [&hellip;]","og_url":"https:\/\/uncommon-electrics.eu\/index.php\/de\/uncommon-electrics-deutsch\/","og_site_name":"Uncommon electrics","article_modified_time":"2026-03-31T14:19:05+00:00","twitter_card":"summary_large_image","twitter_misc":{"Estimated reading time":"1 minute"},"schema":{"@context":"https:\/\/schema.org","@graph":[{"@type":"WebPage","@id":"https:\/\/uncommon-electrics.eu\/index.php\/de\/uncommon-electrics-deutsch\/","url":"https:\/\/uncommon-electrics.eu\/index.php\/de\/uncommon-electrics-deutsch\/","name":"uncommon electrics - Uncommon electrics","isPartOf":{"@id":"https:\/\/uncommon-electrics.eu\/#website"},"datePublished":"2026-03-11T08:18:34+00:00","dateModified":"2026-03-31T14:19:05+00:00","breadcrumb":{"@id":"https:\/\/uncommon-electrics.eu\/index.php\/de\/uncommon-electrics-deutsch\/#breadcrumb"},"inLanguage":"en-GB","potentialAction":[{"@type":"ReadAction","target":["https:\/\/uncommon-electrics.eu\/index.php\/de\/uncommon-electrics-deutsch\/"]}]},{"@type":"BreadcrumbList","@id":"https:\/\/uncommon-electrics.eu\/index.php\/de\/uncommon-electrics-deutsch\/#breadcrumb","itemListElement":[{"@type":"ListItem","position":1,"name":"Home","item":"https:\/\/uncommon-electrics.eu\/"},{"@type":"ListItem","position":2,"name":"uncommon electrics"}]},{"@type":"WebSite","@id":"https:\/\/uncommon-electrics.eu\/#website","url":"https:\/\/uncommon-electrics.eu\/","name":"Uncommon electrics","description":"the uncommon electrician in Brussels","potentialAction":[{"@type":"SearchAction","target":{"@type":"EntryPoint","urlTemplate":"https:\/\/uncommon-electrics.eu\/?s={search_term_string}"},"query-input":{"@type":"PropertyValueSpecification","valueRequired":true,"valueName":"search_term_string"}}],"inLanguage":"en-GB"}]}},"_links":{"self":[{"href":"https:\/\/uncommon-electrics.eu\/index.php\/wp-json\/wp\/v2\/pages\/41","targetHints":{"allow":["GET"]}}],"collection":[{"href":"https:\/\/uncommon-electrics.eu\/index.php\/wp-json\/wp\/v2\/pages"}],"about":[{"href":"https:\/\/uncommon-electrics.eu\/index.php\/wp-json\/wp\/v2\/types\/page"}],"author":[{"embeddable":true,"href":"https:\/\/uncommon-electrics.eu\/index.php\/wp-json\/wp\/v2\/users\/1"}],"replies":[{"embeddable":true,"href":"https:\/\/uncommon-electrics.eu\/index.php\/wp-json\/wp\/v2\/comments?post=41"}],"version-history":[{"count":1,"href":"https:\/\/uncommon-electrics.eu\/index.php\/wp-json\/wp\/v2\/pages\/41\/revisions"}],"predecessor-version":[{"id":129,"href":"https:\/\/uncommon-electrics.eu\/index.php\/wp-json\/wp\/v2\/pages\/41\/revisions\/129"}],"wp:attachment":[{"href":"https:\/\/uncommon-electrics.eu\/index.php\/wp-json\/wp\/v2\/media?parent=41"}],"curies":[{"name":"wp","href":"https:\/\/api.w.org\/{rel}","templated":true}]}}